{"id":1320,"date":"2022-10-07T04:14:34","date_gmt":"2022-10-07T09:14:34","guid":{"rendered":"https:\/\/ekicorp.com\/linea-de-producto\/ropa-de-cama-y-bano\/"},"modified":"2022-10-07T04:14:34","modified_gmt":"2022-10-07T09:14:34","slug":"ropa-de-cama-y-bano","status":"publish","type":"page","link":"https:\/\/ekicorp.com\/es\/linea-de-producto\/ropa-de-cama-y-bano\/","title":{"rendered":"Ropa de cama y ba\u00f1o"},"content":{"rendered":"\t\t<div data-elementor-type=\"wp-page\" data-elementor-id=\"1320\" class=\"elementor elementor-1320\" data-elementor-post-type=\"page\">\n\t\t\t\t<div class=\"elementor-element elementor-element-26a6048b e-flex e-con-boxed e-con e-parent\" data-id=\"26a6048b\" data-element_type=\"container\" data-e-type=\"container\" data-settings=\"{&quot;background_background&quot;:&quot;classic&quot;}\">\n\t\t\t\t\t<div class=\"e-con-inner\">\n\t\t<div class=\"elementor-element elementor-element-109d1a3 e-con-full e-flex e-con e-parent\" data-id=\"109d1a3\" data-element_type=\"container\" data-e-type=\"container\">\n\t\t\t\t<div class=\"elementor-element elementor-element-7aec2d2d elementor-align-left elementor-widget elementor-widget-button\" data-id=\"7aec2d2d\" data-element_type=\"widget\" data-e-type=\"widget\" data-widget_type=\"button.default\">\n\t\t\t\t<div class=\"elementor-widget-container\">\n\t\t\t\t\t\t\t\t\t<div class=\"elementor-button-wrapper\">\n\t\t\t\t\t<a class=\"elementor-button elementor-button-link elementor-size-sm\" href=\"https:\/\/ekicorp.com\/products-line\/\">\n\t\t\t\t\t\t<span class=\"elementor-button-content-wrapper\">\n\t\t\t\t\t\t<span class=\"elementor-button-icon\">\n\t\t\t\t<i aria-hidden=\"true\" class=\"fas fa-long-arrow-alt-left\"><\/i>\t\t\t<\/span>\n\t\t\t\t\t\t\t\t\t<span class=\"elementor-button-text\">L\u00ednea de producto<\/span>\n\t\t\t\t\t<\/span>\n\t\t\t\t\t<\/a>\n\t\t\t\t<\/div>\n\t\t\t\t\t\t\t\t<\/div>\n\t\t\t\t<\/div>\n\t\t\t\t<div class=\"elementor-element elementor-element-3a0a68ec elementor-widget elementor-widget-heading\" data-id=\"3a0a68ec\" data-element_type=\"widget\" data-e-type=\"widget\" data-widget_type=\"heading.default\">\n\t\t\t\t<div class=\"elementor-widget-container\">\n\t\t\t\t\t<h2 class=\"elementor-heading-title elementor-size-default\">Hoteles &amp; Resorts<\/h2>\t\t\t\t<\/div>\n\t\t\t\t<\/div>\n\t\t\t\t<div class=\"elementor-element elementor-element-4e6df84a elementor-widget-divider--view-line elementor-widget elementor-widget-divider\" data-id=\"4e6df84a\" data-element_type=\"widget\" data-e-type=\"widget\" data-widget_type=\"divider.default\">\n\t\t\t\t<div class=\"elementor-widget-container\">\n\t\t\t\t\t\t\t<div class=\"elementor-divider\">\n\t\t\t<span class=\"elementor-divider-separator\">\n\t\t\t\t\t\t<\/span>\n\t\t<\/div>\n\t\t\t\t\t\t<\/div>\n\t\t\t\t<\/div>\n\t\t\t\t<div class=\"elementor-element elementor-element-563cd491 elementor-widget elementor-widget-heading\" data-id=\"563cd491\" data-element_type=\"widget\" data-e-type=\"widget\" data-widget_type=\"heading.default\">\n\t\t\t\t<div class=\"elementor-widget-container\">\n\t\t\t\t\t<h1 class=\"elementor-heading-title elementor-size-default\">Ropa de cama y ba\u00f1o<\/h1>\t\t\t\t<\/div>\n\t\t\t\t<\/div>\n\t\t\t\t<\/div>\n\t\t<div class=\"elementor-element elementor-element-27fd6518 e-con-full e-flex e-con e-parent\" data-id=\"27fd6518\" data-element_type=\"container\" data-e-type=\"container\">\n\t\t\t\t<div class=\"elementor-element elementor-element-17bd0a98 elementor-widget elementor-widget-image\" data-id=\"17bd0a98\" data-element_type=\"widget\" data-e-type=\"widget\" data-widget_type=\"image.default\">\n\t\t\t\t<div class=\"elementor-widget-container\">\n\t\t\t\t\t\t\t\t\t\t\t\t\t\t\t<img fetchpriority=\"high\" decoding=\"async\" width=\"800\" height=\"533\" src=\"https:\/\/ekicorp.com\/wp-content\/uploads\/2021\/06\/10.jpg\" class=\"attachment-large size-large wp-image-192\" alt=\"\" srcset=\"https:\/\/ekicorp.com\/wp-content\/uploads\/2021\/06\/10.jpg 890w, https:\/\/ekicorp.com\/wp-content\/uploads\/2021\/06\/10-300x200.jpg 300w, https:\/\/ekicorp.com\/wp-content\/uploads\/2021\/06\/10-768x512.jpg 768w\" sizes=\"(max-width: 800px) 100vw, 800px\" \/>\t\t\t\t\t\t\t\t\t\t\t\t\t\t\t<\/div>\n\t\t\t\t<\/div>\n\t\t\t\t<\/div>\n\t\t\t\t\t<\/div>\n\t\t\t\t<\/div>\n\t\t<div class=\"elementor-element elementor-element-43046858 e-flex e-con-boxed e-con e-parent\" data-id=\"43046858\" data-element_type=\"container\" data-e-type=\"container\" data-settings=\"{&quot;background_background&quot;:&quot;classic&quot;}\">\n\t\t\t\t\t<div class=\"e-con-inner\">\n\t\t<div class=\"elementor-element elementor-element-7b5ded11 e-con-full e-flex e-con e-parent\" data-id=\"7b5ded11\" data-element_type=\"container\" data-e-type=\"container\">\n\t\t\t\t<div class=\"elementor-element elementor-element-1ca0bb0b no-p elementor-widget elementor-widget-text-editor\" data-id=\"1ca0bb0b\" data-element_type=\"widget\" data-e-type=\"widget\" data-widget_type=\"text-editor.default\">\n\t\t\t\t<div class=\"elementor-widget-container\">\n\t\t\t\t\t\t\t\t\t<p>Ekicorp<\/p>\n\t\t\t\t\t\t\t\t<\/div>\n\t\t\t\t<\/div>\n\t\t\t\t<div class=\"elementor-element elementor-element-1bf0a401 elementor-widget elementor-widget-text-editor\" data-id=\"1bf0a401\" data-element_type=\"widget\" data-e-type=\"widget\" data-widget_type=\"text-editor.default\">\n\t\t\t\t<div class=\"elementor-widget-container\">\n\t\t\t\t\t\t\t\t\t<p>Ropa de Cama<\/p>\n\t\t\t\t\t\t\t\t<\/div>\n\t\t\t\t<\/div>\n\t\t<div class=\"elementor-element elementor-element-15b34e76 e-flex e-con-boxed e-con e-parent\" data-id=\"15b34e76\" data-element_type=\"container\" data-e-type=\"container\">\n\t\t\t\t\t<div class=\"e-con-inner\">\n\t\t\t\t<div class=\"elementor-element elementor-element-22052c87 elementor-widget elementor-widget-image\" data-id=\"22052c87\" data-element_type=\"widget\" data-e-type=\"widget\" data-widget_type=\"image.default\">\n\t\t\t\t<div class=\"elementor-widget-container\">\n\t\t\t\t\t\t\t\t\t\t\t\t\t\t\t<img decoding=\"async\" width=\"580\" height=\"361\" src=\"https:\/\/ekicorp.com\/wp-content\/uploads\/2022\/10\/Linens.png\" class=\"attachment-medium_large size-medium_large wp-image-1173\" alt=\"\" srcset=\"https:\/\/ekicorp.com\/wp-content\/uploads\/2022\/10\/Linens.png 580w, https:\/\/ekicorp.com\/wp-content\/uploads\/2022\/10\/Linens-300x187.png 300w\" sizes=\"(max-width: 580px) 100vw, 580px\" \/>\t\t\t\t\t\t\t\t\t\t\t\t\t\t\t<\/div>\n\t\t\t\t<\/div>\n\t\t\t\t\t<\/div>\n\t\t\t\t<\/div>\n\t\t\t\t<div class=\"elementor-element elementor-element-3138fe2c elementor-align-justify elementor-widget elementor-widget-button\" data-id=\"3138fe2c\" data-element_type=\"widget\" data-e-type=\"widget\" data-widget_type=\"button.default\">\n\t\t\t\t<div class=\"elementor-widget-container\">\n\t\t\t\t\t\t\t\t\t<div class=\"elementor-button-wrapper\">\n\t\t\t\t\t<a class=\"elementor-button elementor-button-link elementor-size-sm\" href=\"#quote\">\n\t\t\t\t\t\t<span class=\"elementor-button-content-wrapper\">\n\t\t\t\t\t\t\t\t\t<span class=\"elementor-button-text\">Cotizar<\/span>\n\t\t\t\t\t<\/span>\n\t\t\t\t\t<\/a>\n\t\t\t\t<\/div>\n\t\t\t\t\t\t\t\t<\/div>\n\t\t\t\t<\/div>\n\t\t\t\t<\/div>\n\t\t\t\t\t<\/div>\n\t\t\t\t<\/div>\n\t\t\t\t<\/div>\n\t\t","protected":false},"excerpt":{"rendered":"<p>L\u00ednea de producto Hoteles &amp; Resorts Ropa de cama y ba\u00f1o Ekicorp Ropa de Cama Cotizar<\/p>\n","protected":false},"author":2,"featured_media":0,"parent":1316,"menu_order":0,"comment_status":"closed","ping_status":"closed","template":"","meta":{"inline_featured_image":false,"footnotes":""},"class_list":["post-1320","page","type-page","status-publish","hentry"],"yoast_head":"<!-- This site is optimized with the Yoast SEO plugin v27.2 - https:\/\/yoast.com\/product\/yoast-seo-wordpress\/ -->\n<title>Ropa de cama y ba\u00f1o - Ekicorp<\/title>\n<meta name=\"robots\" content=\"index, follow, max-snippet:-1, max-image-preview:large, max-video-preview:-1\" \/>\n<link rel=\"canonical\" href=\"https:\/\/ekicorp.com\/es\/linea-de-producto\/ropa-de-cama-y-bano\/\" \/>\n<meta property=\"og:locale\" content=\"es_ES\" \/>\n<meta property=\"og:type\" content=\"article\" \/>\n<meta property=\"og:title\" content=\"Ropa de cama y ba\u00f1o - Ekicorp\" \/>\n<meta property=\"og:description\" content=\"L\u00ednea de producto Hoteles &amp; Resorts Ropa de cama y ba\u00f1o Ekicorp Ropa de Cama Cotizar\" \/>\n<meta property=\"og:url\" content=\"https:\/\/ekicorp.com\/es\/linea-de-producto\/ropa-de-cama-y-bano\/\" \/>\n<meta property=\"og:site_name\" content=\"Ekicorp\" \/>\n<meta property=\"og:image\" content=\"https:\/\/ekicorp.com\/wp-content\/uploads\/2021\/06\/10.jpg\" \/>\n<meta name=\"twitter:card\" content=\"summary_large_image\" \/>\n<script type=\"application\/ld+json\" class=\"yoast-schema-graph\">{\"@context\":\"https:\/\/schema.org\",\"@graph\":[{\"@type\":\"WebPage\",\"@id\":\"https:\/\/ekicorp.com\/es\/linea-de-producto\/ropa-de-cama-y-bano\/\",\"url\":\"https:\/\/ekicorp.com\/es\/linea-de-producto\/ropa-de-cama-y-bano\/\",\"name\":\"Ropa de cama y ba\u00f1o - Ekicorp\",\"isPartOf\":{\"@id\":\"https:\/\/ekicorp.com\/#website\"},\"primaryImageOfPage\":{\"@id\":\"https:\/\/ekicorp.com\/es\/linea-de-producto\/ropa-de-cama-y-bano\/#primaryimage\"},\"image\":{\"@id\":\"https:\/\/ekicorp.com\/es\/linea-de-producto\/ropa-de-cama-y-bano\/#primaryimage\"},\"thumbnailUrl\":\"https:\/\/ekicorp.com\/wp-content\/uploads\/2021\/06\/10.jpg\",\"datePublished\":\"2022-10-07T09:14:34+00:00\",\"breadcrumb\":{\"@id\":\"https:\/\/ekicorp.com\/es\/linea-de-producto\/ropa-de-cama-y-bano\/#breadcrumb\"},\"inLanguage\":\"es\",\"potentialAction\":[{\"@type\":\"ReadAction\",\"target\":[\"https:\/\/ekicorp.com\/es\/linea-de-producto\/ropa-de-cama-y-bano\/\"]}]},{\"@type\":\"ImageObject\",\"inLanguage\":\"es\",\"@id\":\"https:\/\/ekicorp.com\/es\/linea-de-producto\/ropa-de-cama-y-bano\/#primaryimage\",\"url\":\"https:\/\/ekicorp.com\/wp-content\/uploads\/2021\/06\/10.jpg\",\"contentUrl\":\"https:\/\/ekicorp.com\/wp-content\/uploads\/2021\/06\/10.jpg\"},{\"@type\":\"BreadcrumbList\",\"@id\":\"https:\/\/ekicorp.com\/es\/linea-de-producto\/ropa-de-cama-y-bano\/#breadcrumb\",\"itemListElement\":[{\"@type\":\"ListItem\",\"position\":1,\"name\":\"Home\",\"item\":\"https:\/\/ekicorp.com\/es\/\"},{\"@type\":\"ListItem\",\"position\":2,\"name\":\"L\u00ednea de producto\",\"item\":\"https:\/\/ekicorp.com\/es\/linea-de-producto\/\"},{\"@type\":\"ListItem\",\"position\":3,\"name\":\"Ropa de cama y ba\u00f1o\"}]},{\"@type\":\"WebSite\",\"@id\":\"https:\/\/ekicorp.com\/#website\",\"url\":\"https:\/\/ekicorp.com\/\",\"name\":\"Ekicorp\",\"description\":\"Equipamiento de hoteles y restaurantes\",\"publisher\":{\"@id\":\"https:\/\/ekicorp.com\/#organization\"},\"potentialAction\":[{\"@type\":\"SearchAction\",\"target\":{\"@type\":\"EntryPoint\",\"urlTemplate\":\"https:\/\/ekicorp.com\/?s={search_term_string}\"},\"query-input\":{\"@type\":\"PropertyValueSpecification\",\"valueRequired\":true,\"valueName\":\"search_term_string\"}}],\"inLanguage\":\"es\"},{\"@type\":\"Organization\",\"@id\":\"https:\/\/ekicorp.com\/#organization\",\"name\":\"Ekicorp\",\"url\":\"https:\/\/ekicorp.com\/\",\"logo\":{\"@type\":\"ImageObject\",\"inLanguage\":\"es\",\"@id\":\"https:\/\/ekicorp.com\/#\/schema\/logo\/image\/\",\"url\":\"https:\/\/ekicorp.com\/wp-content\/uploads\/2021\/06\/Grupo-3681.png\",\"contentUrl\":\"https:\/\/ekicorp.com\/wp-content\/uploads\/2021\/06\/Grupo-3681.png\",\"width\":58,\"height\":54,\"caption\":\"Ekicorp\"},\"image\":{\"@id\":\"https:\/\/ekicorp.com\/#\/schema\/logo\/image\/\"}}]}<\/script>\n<!-- \/ Yoast SEO plugin. -->","yoast_head_json":{"title":"Ropa de cama y ba\u00f1o - Ekicorp","robots":{"index":"index","follow":"follow","max-snippet":"max-snippet:-1","max-image-preview":"max-image-preview:large","max-video-preview":"max-video-preview:-1"},"canonical":"https:\/\/ekicorp.com\/es\/linea-de-producto\/ropa-de-cama-y-bano\/","og_locale":"es_ES","og_type":"article","og_title":"Ropa de cama y ba\u00f1o - Ekicorp","og_description":"L\u00ednea de producto Hoteles &amp; Resorts Ropa de cama y ba\u00f1o Ekicorp Ropa de Cama Cotizar","og_url":"https:\/\/ekicorp.com\/es\/linea-de-producto\/ropa-de-cama-y-bano\/","og_site_name":"Ekicorp","og_image":[{"url":"https:\/\/ekicorp.com\/wp-content\/uploads\/2021\/06\/10.jpg","type":"","width":"","height":""}],"twitter_card":"summary_large_image","schema":{"@context":"https:\/\/schema.org","@graph":[{"@type":"WebPage","@id":"https:\/\/ekicorp.com\/es\/linea-de-producto\/ropa-de-cama-y-bano\/","url":"https:\/\/ekicorp.com\/es\/linea-de-producto\/ropa-de-cama-y-bano\/","name":"Ropa de cama y ba\u00f1o - Ekicorp","isPartOf":{"@id":"https:\/\/ekicorp.com\/#website"},"primaryImageOfPage":{"@id":"https:\/\/ekicorp.com\/es\/linea-de-producto\/ropa-de-cama-y-bano\/#primaryimage"},"image":{"@id":"https:\/\/ekicorp.com\/es\/linea-de-producto\/ropa-de-cama-y-bano\/#primaryimage"},"thumbnailUrl":"https:\/\/ekicorp.com\/wp-content\/uploads\/2021\/06\/10.jpg","datePublished":"2022-10-07T09:14:34+00:00","breadcrumb":{"@id":"https:\/\/ekicorp.com\/es\/linea-de-producto\/ropa-de-cama-y-bano\/#breadcrumb"},"inLanguage":"es","potentialAction":[{"@type":"ReadAction","target":["https:\/\/ekicorp.com\/es\/linea-de-producto\/ropa-de-cama-y-bano\/"]}]},{"@type":"ImageObject","inLanguage":"es","@id":"https:\/\/ekicorp.com\/es\/linea-de-producto\/ropa-de-cama-y-bano\/#primaryimage","url":"https:\/\/ekicorp.com\/wp-content\/uploads\/2021\/06\/10.jpg","contentUrl":"https:\/\/ekicorp.com\/wp-content\/uploads\/2021\/06\/10.jpg"},{"@type":"BreadcrumbList","@id":"https:\/\/ekicorp.com\/es\/linea-de-producto\/ropa-de-cama-y-bano\/#breadcrumb","itemListElement":[{"@type":"ListItem","position":1,"name":"Home","item":"https:\/\/ekicorp.com\/es\/"},{"@type":"ListItem","position":2,"name":"L\u00ednea de producto","item":"https:\/\/ekicorp.com\/es\/linea-de-producto\/"},{"@type":"ListItem","position":3,"name":"Ropa de cama y ba\u00f1o"}]},{"@type":"WebSite","@id":"https:\/\/ekicorp.com\/#website","url":"https:\/\/ekicorp.com\/","name":"Ekicorp","description":"Equipamiento de hoteles y restaurantes","publisher":{"@id":"https:\/\/ekicorp.com\/#organization"},"potentialAction":[{"@type":"SearchAction","target":{"@type":"EntryPoint","urlTemplate":"https:\/\/ekicorp.com\/?s={search_term_string}"},"query-input":{"@type":"PropertyValueSpecification","valueRequired":true,"valueName":"search_term_string"}}],"inLanguage":"es"},{"@type":"Organization","@id":"https:\/\/ekicorp.com\/#organization","name":"Ekicorp","url":"https:\/\/ekicorp.com\/","logo":{"@type":"ImageObject","inLanguage":"es","@id":"https:\/\/ekicorp.com\/#\/schema\/logo\/image\/","url":"https:\/\/ekicorp.com\/wp-content\/uploads\/2021\/06\/Grupo-3681.png","contentUrl":"https:\/\/ekicorp.com\/wp-content\/uploads\/2021\/06\/Grupo-3681.png","width":58,"height":54,"caption":"Ekicorp"},"image":{"@id":"https:\/\/ekicorp.com\/#\/schema\/logo\/image\/"}}]}},"_links":{"self":[{"href":"https:\/\/ekicorp.com\/es\/wp-json\/wp\/v2\/pages\/1320","targetHints":{"allow":["GET"]}}],"collection":[{"href":"https:\/\/ekicorp.com\/es\/wp-json\/wp\/v2\/pages"}],"about":[{"href":"https:\/\/ekicorp.com\/es\/wp-json\/wp\/v2\/types\/page"}],"author":[{"embeddable":true,"href":"https:\/\/ekicorp.com\/es\/wp-json\/wp\/v2\/users\/2"}],"replies":[{"embeddable":true,"href":"https:\/\/ekicorp.com\/es\/wp-json\/wp\/v2\/comments?post=1320"}],"version-history":[{"count":1,"href":"https:\/\/ekicorp.com\/es\/wp-json\/wp\/v2\/pages\/1320\/revisions"}],"predecessor-version":[{"id":1321,"href":"https:\/\/ekicorp.com\/es\/wp-json\/wp\/v2\/pages\/1320\/revisions\/1321"}],"up":[{"embeddable":true,"href":"https:\/\/ekicorp.com\/es\/wp-json\/wp\/v2\/pages\/1316"}],"wp:attachment":[{"href":"https:\/\/ekicorp.com\/es\/wp-json\/wp\/v2\/media?parent=1320"}],"curies":[{"name":"wp","href":"https:\/\/api.w.org\/{rel}","templated":true}]}}