{"id":1344,"date":"2022-10-07T04:29:43","date_gmt":"2022-10-07T09:29:43","guid":{"rendered":"https:\/\/ekicorp.com\/linea-de-producto\/mesas\/"},"modified":"2022-10-20T22:18:55","modified_gmt":"2022-10-21T03:18:55","slug":"mesas","status":"publish","type":"page","link":"https:\/\/ekicorp.com\/es\/linea-de-producto\/mesas\/","title":{"rendered":"Mesas"},"content":{"rendered":"\t\t<div data-elementor-type=\"wp-page\" data-elementor-id=\"1344\" class=\"elementor elementor-1344\" data-elementor-post-type=\"page\">\n\t\t\t\t<div class=\"elementor-element elementor-element-369a6a27 e-flex e-con-boxed e-con e-parent\" data-id=\"369a6a27\" data-element_type=\"container\" data-e-type=\"container\" data-settings=\"{&quot;background_background&quot;:&quot;classic&quot;}\">\n\t\t\t\t\t<div class=\"e-con-inner\">\n\t\t<div class=\"elementor-element elementor-element-63f7c6ac e-con-full e-flex e-con e-parent\" data-id=\"63f7c6ac\" data-element_type=\"container\" data-e-type=\"container\">\n\t\t\t\t<div class=\"elementor-element elementor-element-20a907af elementor-align-left elementor-widget elementor-widget-button\" data-id=\"20a907af\" data-element_type=\"widget\" data-e-type=\"widget\" data-widget_type=\"button.default\">\n\t\t\t\t<div class=\"elementor-widget-container\">\n\t\t\t\t\t\t\t\t\t<div class=\"elementor-button-wrapper\">\n\t\t\t\t\t<a class=\"elementor-button elementor-button-link elementor-size-sm\" href=\"https:\/\/ekicorp.com\/products-line\/\">\n\t\t\t\t\t\t<span class=\"elementor-button-content-wrapper\">\n\t\t\t\t\t\t<span class=\"elementor-button-icon\">\n\t\t\t\t<i aria-hidden=\"true\" class=\"fas fa-long-arrow-alt-left\"><\/i>\t\t\t<\/span>\n\t\t\t\t\t\t\t\t\t<span class=\"elementor-button-text\">L\u00ednea de producto<\/span>\n\t\t\t\t\t<\/span>\n\t\t\t\t\t<\/a>\n\t\t\t\t<\/div>\n\t\t\t\t\t\t\t\t<\/div>\n\t\t\t\t<\/div>\n\t\t\t\t<div class=\"elementor-element elementor-element-a59bb0b elementor-widget elementor-widget-heading\" data-id=\"a59bb0b\" data-element_type=\"widget\" data-e-type=\"widget\" data-widget_type=\"heading.default\">\n\t\t\t\t<div class=\"elementor-widget-container\">\n\t\t\t\t\t<h2 class=\"elementor-heading-title elementor-size-default\">Hoteles &amp; Resorts<\/h2>\t\t\t\t<\/div>\n\t\t\t\t<\/div>\n\t\t\t\t<div class=\"elementor-element elementor-element-7dda84cf elementor-widget-divider--view-line elementor-widget elementor-widget-divider\" data-id=\"7dda84cf\" data-element_type=\"widget\" data-e-type=\"widget\" data-widget_type=\"divider.default\">\n\t\t\t\t<div class=\"elementor-widget-container\">\n\t\t\t\t\t\t\t<div class=\"elementor-divider\">\n\t\t\t<span class=\"elementor-divider-separator\">\n\t\t\t\t\t\t<\/span>\n\t\t<\/div>\n\t\t\t\t\t\t<\/div>\n\t\t\t\t<\/div>\n\t\t\t\t<div class=\"elementor-element elementor-element-ddbc327 elementor-widget elementor-widget-heading\" data-id=\"ddbc327\" data-element_type=\"widget\" data-e-type=\"widget\" data-widget_type=\"heading.default\">\n\t\t\t\t<div class=\"elementor-widget-container\">\n\t\t\t\t\t<h1 class=\"elementor-heading-title elementor-size-default\">Mesas<\/h1>\t\t\t\t<\/div>\n\t\t\t\t<\/div>\n\t\t\t\t<\/div>\n\t\t<div class=\"elementor-element elementor-element-25d421a3 e-con-full e-flex e-con e-parent\" data-id=\"25d421a3\" data-element_type=\"container\" data-e-type=\"container\">\n\t\t\t\t<div class=\"elementor-element elementor-element-457b63d8 elementor-widget elementor-widget-image\" data-id=\"457b63d8\" data-element_type=\"widget\" data-e-type=\"widget\" data-widget_type=\"image.default\">\n\t\t\t\t<div class=\"elementor-widget-container\">\n\t\t\t\t\t\t\t\t\t\t\t\t\t\t\t<img fetchpriority=\"high\" decoding=\"async\" width=\"800\" height=\"533\" src=\"https:\/\/ekicorp.com\/wp-content\/uploads\/2021\/06\/9.jpg\" class=\"attachment-large size-large wp-image-190\" alt=\"\" srcset=\"https:\/\/ekicorp.com\/wp-content\/uploads\/2021\/06\/9.jpg 890w, https:\/\/ekicorp.com\/wp-content\/uploads\/2021\/06\/9-300x200.jpg 300w, https:\/\/ekicorp.com\/wp-content\/uploads\/2021\/06\/9-768x512.jpg 768w\" sizes=\"(max-width: 800px) 100vw, 800px\" \/>\t\t\t\t\t\t\t\t\t\t\t\t\t\t\t<\/div>\n\t\t\t\t<\/div>\n\t\t\t\t<\/div>\n\t\t\t\t\t<\/div>\n\t\t\t\t<\/div>\n\t\t<div class=\"elementor-element elementor-element-51692f5e e-flex e-con-boxed e-con e-parent\" data-id=\"51692f5e\" data-element_type=\"container\" data-e-type=\"container\" data-settings=\"{&quot;background_background&quot;:&quot;classic&quot;}\">\n\t\t\t\t\t<div class=\"e-con-inner\">\n\t\t\t\t<div class=\"elementor-element elementor-element-1a5c184 elementor-widget elementor-widget-image-carousel\" data-id=\"1a5c184\" data-element_type=\"widget\" data-e-type=\"widget\" data-settings=\"{&quot;slides_to_show&quot;:&quot;5&quot;,&quot;navigation&quot;:&quot;none&quot;,&quot;pause_on_hover&quot;:&quot;no&quot;,&quot;pause_on_interaction&quot;:&quot;no&quot;,&quot;autoplay_speed&quot;:1000,&quot;slides_to_show_tablet&quot;:&quot;4&quot;,&quot;slides_to_show_mobile&quot;:&quot;3&quot;,&quot;autoplay&quot;:&quot;yes&quot;,&quot;infinite&quot;:&quot;yes&quot;,&quot;speed&quot;:500}\" data-widget_type=\"image-carousel.default\">\n\t\t\t\t<div class=\"elementor-widget-container\">\n\t\t\t\t\t\t\t<div class=\"elementor-image-carousel-wrapper swiper\" role=\"region\" aria-roledescription=\"carousel\" aria-label=\"Image Carousel\" dir=\"ltr\">\n\t\t\t<div class=\"elementor-image-carousel swiper-wrapper\" aria-live=\"off\">\n\t\t\t\t\t\t\t\t<div class=\"swiper-slide\" role=\"group\" aria-roledescription=\"slide\" aria-label=\"1 of 6\"><figure class=\"swiper-slide-inner\"><img decoding=\"async\" class=\"swiper-slide-image\" src=\"https:\/\/ekicorp.com\/wp-content\/uploads\/2022\/10\/vicrila.png\" alt=\"vicrila\" \/><\/figure><\/div><div class=\"swiper-slide\" role=\"group\" aria-roledescription=\"slide\" aria-label=\"2 of 6\"><figure class=\"swiper-slide-inner\"><img decoding=\"async\" class=\"swiper-slide-image\" src=\"https:\/\/ekicorp.com\/wp-content\/uploads\/2022\/10\/sola.png\" alt=\"sola\" \/><\/figure><\/div><div class=\"swiper-slide\" role=\"group\" aria-roledescription=\"slide\" aria-label=\"3 of 6\"><figure class=\"swiper-slide-inner\"><img decoding=\"async\" class=\"swiper-slide-image\" src=\"https:\/\/ekicorp.com\/wp-content\/uploads\/2022\/10\/anchor.png\" alt=\"anchor\" \/><\/figure><\/div><div class=\"swiper-slide\" role=\"group\" aria-roledescription=\"slide\" aria-label=\"4 of 6\"><figure class=\"swiper-slide-inner\"><img decoding=\"async\" class=\"swiper-slide-image\" src=\"https:\/\/ekicorp.com\/wp-content\/uploads\/2022\/10\/luzerne.png\" alt=\"luzerne\" \/><\/figure><\/div><div class=\"swiper-slide\" role=\"group\" aria-roledescription=\"slide\" aria-label=\"5 of 6\"><figure class=\"swiper-slide-inner\"><img decoding=\"async\" class=\"swiper-slide-image\" src=\"https:\/\/ekicorp.com\/wp-content\/uploads\/2022\/10\/designed.png\" alt=\"designed\" \/><\/figure><\/div><div class=\"swiper-slide\" role=\"group\" aria-roledescription=\"slide\" aria-label=\"6 of 6\"><figure class=\"swiper-slide-inner\"><img decoding=\"async\" class=\"swiper-slide-image\" src=\"https:\/\/ekicorp.com\/wp-content\/uploads\/2022\/10\/oneda.png\" alt=\"oneda\" \/><\/figure><\/div>\t\t\t<\/div>\n\t\t\t\t\t\t\t\n\t\t\t\t\t\t\t\t\t<\/div>\n\t\t\t\t\t\t<\/div>\n\t\t\t\t<\/div>\n\t\t\t\t\t<\/div>\n\t\t\t\t<\/div>\n\t\t<div class=\"elementor-element elementor-element-2cba638c e-flex e-con-boxed e-con e-parent\" data-id=\"2cba638c\" data-element_type=\"container\" data-e-type=\"container\" data-settings=\"{&quot;background_background&quot;:&quot;classic&quot;}\">\n\t\t\t\t\t<div class=\"e-con-inner\">\n\t\t<div class=\"elementor-element elementor-element-58511868 e-con-full e-flex e-con e-parent\" data-id=\"58511868\" data-element_type=\"container\" data-e-type=\"container\">\n\t\t\t\t<div class=\"elementor-element elementor-element-5ff315dc no-p elementor-widget elementor-widget-text-editor\" data-id=\"5ff315dc\" data-element_type=\"widget\" data-e-type=\"widget\" data-widget_type=\"text-editor.default\">\n\t\t\t\t<div class=\"elementor-widget-container\">\n\t\t\t\t\t\t\t\t\t<p>Vicrila | Anchor Hocking<\/p>\n\t\t\t\t\t\t\t\t<\/div>\n\t\t\t\t<\/div>\n\t\t\t\t<div class=\"elementor-element elementor-element-32c26389 elementor-widget elementor-widget-text-editor\" data-id=\"32c26389\" data-element_type=\"widget\" data-e-type=\"widget\" data-widget_type=\"text-editor.default\">\n\t\t\t\t<div class=\"elementor-widget-container\">\n\t\t\t\t\t\t\t\t\t<p>Cristaler\u00eda<\/p>\n\t\t\t\t\t\t\t\t<\/div>\n\t\t\t\t<\/div>\n\t\t<div class=\"elementor-element elementor-element-7aec28bf e-flex e-con-boxed e-con e-parent\" data-id=\"7aec28bf\" data-element_type=\"container\" data-e-type=\"container\">\n\t\t\t\t\t<div class=\"e-con-inner\">\n\t\t\t\t<div class=\"elementor-element elementor-element-c23d43 elementor-widget elementor-widget-image\" data-id=\"c23d43\" data-element_type=\"widget\" data-e-type=\"widget\" data-widget_type=\"image.default\">\n\t\t\t\t<div class=\"elementor-widget-container\">\n\t\t\t\t\t\t\t\t\t\t\t\t\t\t\t<img decoding=\"async\" width=\"331\" height=\"302\" src=\"https:\/\/ekicorp.com\/wp-content\/uploads\/2021\/06\/V4188_1-removebg-preview.png\" class=\"attachment-medium_large size-medium_large wp-image-555\" alt=\"\" srcset=\"https:\/\/ekicorp.com\/wp-content\/uploads\/2021\/06\/V4188_1-removebg-preview.png 331w, https:\/\/ekicorp.com\/wp-content\/uploads\/2021\/06\/V4188_1-removebg-preview-300x274.png 300w\" sizes=\"(max-width: 331px) 100vw, 331px\" \/>\t\t\t\t\t\t\t\t\t\t\t\t\t\t\t<\/div>\n\t\t\t\t<\/div>\n\t\t\t\t\t<\/div>\n\t\t\t\t<\/div>\n\t\t\t\t<div class=\"elementor-element elementor-element-69ab2e5e elementor-align-justify elementor-widget elementor-widget-button\" data-id=\"69ab2e5e\" data-element_type=\"widget\" data-e-type=\"widget\" data-widget_type=\"button.default\">\n\t\t\t\t<div class=\"elementor-widget-container\">\n\t\t\t\t\t\t\t\t\t<div class=\"elementor-button-wrapper\">\n\t\t\t\t\t<a class=\"elementor-button elementor-button-link elementor-size-sm\" href=\"#quote\">\n\t\t\t\t\t\t<span class=\"elementor-button-content-wrapper\">\n\t\t\t\t\t\t\t\t\t<span class=\"elementor-button-text\">Cotizar<\/span>\n\t\t\t\t\t<\/span>\n\t\t\t\t\t<\/a>\n\t\t\t\t<\/div>\n\t\t\t\t\t\t\t\t<\/div>\n\t\t\t\t<\/div>\n\t\t\t\t<\/div>\n\t\t<div class=\"elementor-element elementor-element-239b9ca0 e-con-full e-flex e-con e-parent\" data-id=\"239b9ca0\" data-element_type=\"container\" data-e-type=\"container\">\n\t\t\t\t<div class=\"elementor-element elementor-element-38c50381 no-p elementor-widget elementor-widget-text-editor\" data-id=\"38c50381\" data-element_type=\"widget\" data-e-type=\"widget\" data-widget_type=\"text-editor.default\">\n\t\t\t\t<div class=\"elementor-widget-container\">\n\t\t\t\t\t\t\t\t\t<p>ONEIDA | SOLA<\/p>\n\t\t\t\t\t\t\t\t<\/div>\n\t\t\t\t<\/div>\n\t\t\t\t<div class=\"elementor-element elementor-element-1fd6303 elementor-widget elementor-widget-text-editor\" data-id=\"1fd6303\" data-element_type=\"widget\" data-e-type=\"widget\" data-widget_type=\"text-editor.default\">\n\t\t\t\t<div class=\"elementor-widget-container\">\n\t\t\t\t\t\t\t\t\t<p>Cuberter\u00eda<\/p>\n\t\t\t\t\t\t\t\t<\/div>\n\t\t\t\t<\/div>\n\t\t<div class=\"elementor-element elementor-element-c491721 e-flex e-con-boxed e-con e-parent\" data-id=\"c491721\" data-element_type=\"container\" data-e-type=\"container\">\n\t\t\t\t\t<div class=\"e-con-inner\">\n\t\t\t\t<div class=\"elementor-element elementor-element-1bf49e3 elementor-widget elementor-widget-image\" data-id=\"1bf49e3\" data-element_type=\"widget\" data-e-type=\"widget\" data-widget_type=\"image.default\">\n\t\t\t\t<div class=\"elementor-widget-container\">\n\t\t\t\t\t\t\t\t\t\t\t\t\t\t\t<img decoding=\"async\" width=\"331\" height=\"302\" src=\"https:\/\/ekicorp.com\/wp-content\/uploads\/2021\/06\/Aura-set-1024x1024-removebg-preview.png\" class=\"attachment-medium_large size-medium_large wp-image-561\" alt=\"\" srcset=\"https:\/\/ekicorp.com\/wp-content\/uploads\/2021\/06\/Aura-set-1024x1024-removebg-preview.png 331w, https:\/\/ekicorp.com\/wp-content\/uploads\/2021\/06\/Aura-set-1024x1024-removebg-preview-300x274.png 300w\" sizes=\"(max-width: 331px) 100vw, 331px\" \/>\t\t\t\t\t\t\t\t\t\t\t\t\t\t\t<\/div>\n\t\t\t\t<\/div>\n\t\t\t\t\t<\/div>\n\t\t\t\t<\/div>\n\t\t\t\t<div class=\"elementor-element elementor-element-563156 elementor-align-justify elementor-widget elementor-widget-button\" data-id=\"563156\" data-element_type=\"widget\" data-e-type=\"widget\" data-widget_type=\"button.default\">\n\t\t\t\t<div class=\"elementor-widget-container\">\n\t\t\t\t\t\t\t\t\t<div class=\"elementor-button-wrapper\">\n\t\t\t\t\t<a class=\"elementor-button elementor-button-link elementor-size-sm\" href=\"#quote\">\n\t\t\t\t\t\t<span class=\"elementor-button-content-wrapper\">\n\t\t\t\t\t\t\t\t\t<span class=\"elementor-button-text\">Cotizar<\/span>\n\t\t\t\t\t<\/span>\n\t\t\t\t\t<\/a>\n\t\t\t\t<\/div>\n\t\t\t\t\t\t\t\t<\/div>\n\t\t\t\t<\/div>\n\t\t\t\t<\/div>\n\t\t<div class=\"elementor-element elementor-element-6e0f3f2a e-con-full e-flex e-con e-parent\" data-id=\"6e0f3f2a\" data-element_type=\"container\" data-e-type=\"container\">\n\t\t\t\t<div class=\"elementor-element elementor-element-4c70516c no-p elementor-widget elementor-widget-text-editor\" data-id=\"4c70516c\" data-element_type=\"widget\" data-e-type=\"widget\" data-widget_type=\"text-editor.default\">\n\t\t\t\t<div class=\"elementor-widget-container\">\n\t\t\t\t\t\t\t\t\t<p>ONEIDA | Luzerne<\/p>\n\t\t\t\t\t\t\t\t<\/div>\n\t\t\t\t<\/div>\n\t\t\t\t<div class=\"elementor-element elementor-element-64d051f1 elementor-widget elementor-widget-text-editor\" data-id=\"64d051f1\" data-element_type=\"widget\" data-e-type=\"widget\" data-widget_type=\"text-editor.default\">\n\t\t\t\t<div class=\"elementor-widget-container\">\n\t\t\t\t\t\t\t\t\t<p>Loza<\/p>\n\t\t\t\t\t\t\t\t<\/div>\n\t\t\t\t<\/div>\n\t\t<div class=\"elementor-element elementor-element-c3de8b4 e-flex e-con-boxed e-con e-parent\" data-id=\"c3de8b4\" data-element_type=\"container\" data-e-type=\"container\">\n\t\t\t\t\t<div class=\"e-con-inner\">\n\t\t\t\t<div class=\"elementor-element elementor-element-1f7cf8f1 elementor-widget elementor-widget-image\" data-id=\"1f7cf8f1\" data-element_type=\"widget\" data-e-type=\"widget\" data-widget_type=\"image.default\">\n\t\t\t\t<div class=\"elementor-widget-container\">\n\t\t\t\t\t\t\t\t\t\t\t\t\t\t\t<img loading=\"lazy\" decoding=\"async\" width=\"331\" height=\"302\" src=\"https:\/\/ekicorp.com\/wp-content\/uploads\/2021\/06\/moda_couture-removebg-preview.png\" class=\"attachment-medium_large size-medium_large wp-image-570\" alt=\"\" srcset=\"https:\/\/ekicorp.com\/wp-content\/uploads\/2021\/06\/moda_couture-removebg-preview.png 331w, https:\/\/ekicorp.com\/wp-content\/uploads\/2021\/06\/moda_couture-removebg-preview-300x274.png 300w\" sizes=\"(max-width: 331px) 100vw, 331px\" \/>\t\t\t\t\t\t\t\t\t\t\t\t\t\t\t<\/div>\n\t\t\t\t<\/div>\n\t\t\t\t\t<\/div>\n\t\t\t\t<\/div>\n\t\t\t\t<div class=\"elementor-element elementor-element-6584bb3f elementor-align-justify elementor-widget elementor-widget-button\" data-id=\"6584bb3f\" data-element_type=\"widget\" data-e-type=\"widget\" data-widget_type=\"button.default\">\n\t\t\t\t<div class=\"elementor-widget-container\">\n\t\t\t\t\t\t\t\t\t<div class=\"elementor-button-wrapper\">\n\t\t\t\t\t<a class=\"elementor-button elementor-button-link elementor-size-sm\" href=\"#quote\">\n\t\t\t\t\t\t<span class=\"elementor-button-content-wrapper\">\n\t\t\t\t\t\t\t\t\t<span class=\"elementor-button-text\">Cotizar<\/span>\n\t\t\t\t\t<\/span>\n\t\t\t\t\t<\/a>\n\t\t\t\t<\/div>\n\t\t\t\t\t\t\t\t<\/div>\n\t\t\t\t<\/div>\n\t\t\t\t<\/div>\n\t\t\t\t\t<\/div>\n\t\t\t\t<\/div>\n\t\t<div class=\"elementor-element elementor-element-1aa7fdfa e-flex e-con-boxed e-con e-parent\" data-id=\"1aa7fdfa\" data-element_type=\"container\" data-e-type=\"container\" data-settings=\"{&quot;background_background&quot;:&quot;classic&quot;}\">\n\t\t\t\t\t<div class=\"e-con-inner\">\n\t\t<div class=\"elementor-element elementor-element-480c7d7 e-con-full e-flex e-con e-parent\" data-id=\"480c7d7\" data-element_type=\"container\" data-e-type=\"container\">\n\t\t\t\t<div class=\"elementor-element elementor-element-54f85e67 no-p elementor-widget elementor-widget-text-editor\" data-id=\"54f85e67\" data-element_type=\"widget\" data-e-type=\"widget\" data-widget_type=\"text-editor.default\">\n\t\t\t\t<div class=\"elementor-widget-container\">\n\t\t\t\t\t\t\t\t\t<p>Designed To Serve<\/p>\n\t\t\t\t\t\t\t\t<\/div>\n\t\t\t\t<\/div>\n\t\t\t\t<div class=\"elementor-element elementor-element-78951212 elementor-widget elementor-widget-text-editor\" data-id=\"78951212\" data-element_type=\"widget\" data-e-type=\"widget\" data-widget_type=\"text-editor.default\">\n\t\t\t\t<div class=\"elementor-widget-container\">\n\t\t\t\t\t\t\t\t\t<p>Loza en Melamine<\/p>\n\t\t\t\t\t\t\t\t<\/div>\n\t\t\t\t<\/div>\n\t\t<div class=\"elementor-element elementor-element-3adda9be e-flex e-con-boxed e-con e-parent\" data-id=\"3adda9be\" data-element_type=\"container\" data-e-type=\"container\">\n\t\t\t\t\t<div class=\"e-con-inner\">\n\t\t\t\t<div class=\"elementor-element elementor-element-951456 elementor-widget elementor-widget-image\" data-id=\"951456\" data-element_type=\"widget\" data-e-type=\"widget\" data-widget_type=\"image.default\">\n\t\t\t\t<div class=\"elementor-widget-container\">\n\t\t\t\t\t\t\t\t\t\t\t\t\t\t\t<img loading=\"lazy\" decoding=\"async\" width=\"331\" height=\"302\" src=\"https:\/\/ekicorp.com\/wp-content\/uploads\/2021\/06\/settlement_bistro_group_0-removebg-preview.png\" class=\"attachment-medium_large size-medium_large wp-image-568\" alt=\"\" srcset=\"https:\/\/ekicorp.com\/wp-content\/uploads\/2021\/06\/settlement_bistro_group_0-removebg-preview.png 331w, https:\/\/ekicorp.com\/wp-content\/uploads\/2021\/06\/settlement_bistro_group_0-removebg-preview-300x274.png 300w\" sizes=\"(max-width: 331px) 100vw, 331px\" \/>\t\t\t\t\t\t\t\t\t\t\t\t\t\t\t<\/div>\n\t\t\t\t<\/div>\n\t\t\t\t\t<\/div>\n\t\t\t\t<\/div>\n\t\t\t\t<div class=\"elementor-element elementor-element-3a4839e7 elementor-align-justify elementor-widget elementor-widget-button\" data-id=\"3a4839e7\" data-element_type=\"widget\" data-e-type=\"widget\" data-widget_type=\"button.default\">\n\t\t\t\t<div class=\"elementor-widget-container\">\n\t\t\t\t\t\t\t\t\t<div class=\"elementor-button-wrapper\">\n\t\t\t\t\t<a class=\"elementor-button elementor-button-link elementor-size-sm\" href=\"#quote\">\n\t\t\t\t\t\t<span class=\"elementor-button-content-wrapper\">\n\t\t\t\t\t\t\t\t\t<span class=\"elementor-button-text\">Cotizar<\/span>\n\t\t\t\t\t<\/span>\n\t\t\t\t\t<\/a>\n\t\t\t\t<\/div>\n\t\t\t\t\t\t\t\t<\/div>\n\t\t\t\t<\/div>\n\t\t\t\t<\/div>\n\t\t\t\t\t<\/div>\n\t\t\t\t<\/div>\n\t\t\t\t<\/div>\n\t\t","protected":false},"excerpt":{"rendered":"<p>L\u00ednea de producto Hoteles &amp; Resorts Mesas Vicrila | Anchor Hocking Cristaler\u00eda Cotizar ONEIDA | SOLA Cuberter\u00eda Cotizar ONEIDA | Luzerne Loza Cotizar Designed To Serve Loza en Melamine Cotizar<\/p>\n","protected":false},"author":2,"featured_media":0,"parent":1316,"menu_order":0,"comment_status":"closed","ping_status":"closed","template":"","meta":{"inline_featured_image":false,"footnotes":""},"class_list":["post-1344","page","type-page","status-publish","hentry"],"yoast_head":"<!-- This site is optimized with the Yoast SEO plugin v27.2 - https:\/\/yoast.com\/product\/yoast-seo-wordpress\/ -->\n<title>Mesas - Ekicorp<\/title>\n<meta name=\"robots\" content=\"index, follow, max-snippet:-1, max-image-preview:large, max-video-preview:-1\" \/>\n<link rel=\"canonical\" href=\"https:\/\/ekicorp.com\/es\/linea-de-producto\/mesas\/\" \/>\n<meta property=\"og:locale\" content=\"es_ES\" \/>\n<meta property=\"og:type\" content=\"article\" \/>\n<meta property=\"og:title\" content=\"Mesas - Ekicorp\" \/>\n<meta property=\"og:description\" content=\"L\u00ednea de producto Hoteles &amp; Resorts Mesas Vicrila | Anchor Hocking Cristaler\u00eda Cotizar ONEIDA | SOLA Cuberter\u00eda Cotizar ONEIDA | Luzerne Loza Cotizar Designed To Serve Loza en Melamine Cotizar\" \/>\n<meta property=\"og:url\" content=\"https:\/\/ekicorp.com\/es\/linea-de-producto\/mesas\/\" \/>\n<meta property=\"og:site_name\" content=\"Ekicorp\" \/>\n<meta property=\"article:modified_time\" content=\"2022-10-21T03:18:55+00:00\" \/>\n<meta property=\"og:image\" content=\"https:\/\/ekicorp.com\/wp-content\/uploads\/2021\/06\/9.jpg\" \/>\n<meta name=\"twitter:card\" content=\"summary_large_image\" \/>\n<script type=\"application\/ld+json\" class=\"yoast-schema-graph\">{\"@context\":\"https:\/\/schema.org\",\"@graph\":[{\"@type\":\"WebPage\",\"@id\":\"https:\/\/ekicorp.com\/es\/linea-de-producto\/mesas\/\",\"url\":\"https:\/\/ekicorp.com\/es\/linea-de-producto\/mesas\/\",\"name\":\"Mesas - Ekicorp\",\"isPartOf\":{\"@id\":\"https:\/\/ekicorp.com\/#website\"},\"primaryImageOfPage\":{\"@id\":\"https:\/\/ekicorp.com\/es\/linea-de-producto\/mesas\/#primaryimage\"},\"image\":{\"@id\":\"https:\/\/ekicorp.com\/es\/linea-de-producto\/mesas\/#primaryimage\"},\"thumbnailUrl\":\"https:\/\/ekicorp.com\/wp-content\/uploads\/2021\/06\/9.jpg\",\"datePublished\":\"2022-10-07T09:29:43+00:00\",\"dateModified\":\"2022-10-21T03:18:55+00:00\",\"breadcrumb\":{\"@id\":\"https:\/\/ekicorp.com\/es\/linea-de-producto\/mesas\/#breadcrumb\"},\"inLanguage\":\"es\",\"potentialAction\":[{\"@type\":\"ReadAction\",\"target\":[\"https:\/\/ekicorp.com\/es\/linea-de-producto\/mesas\/\"]}]},{\"@type\":\"ImageObject\",\"inLanguage\":\"es\",\"@id\":\"https:\/\/ekicorp.com\/es\/linea-de-producto\/mesas\/#primaryimage\",\"url\":\"https:\/\/ekicorp.com\/wp-content\/uploads\/2021\/06\/9.jpg\",\"contentUrl\":\"https:\/\/ekicorp.com\/wp-content\/uploads\/2021\/06\/9.jpg\"},{\"@type\":\"BreadcrumbList\",\"@id\":\"https:\/\/ekicorp.com\/es\/linea-de-producto\/mesas\/#breadcrumb\",\"itemListElement\":[{\"@type\":\"ListItem\",\"position\":1,\"name\":\"Home\",\"item\":\"https:\/\/ekicorp.com\/es\/\"},{\"@type\":\"ListItem\",\"position\":2,\"name\":\"L\u00ednea de producto\",\"item\":\"https:\/\/ekicorp.com\/es\/linea-de-producto\/\"},{\"@type\":\"ListItem\",\"position\":3,\"name\":\"Mesas\"}]},{\"@type\":\"WebSite\",\"@id\":\"https:\/\/ekicorp.com\/#website\",\"url\":\"https:\/\/ekicorp.com\/\",\"name\":\"Ekicorp\",\"description\":\"Equipamiento de hoteles y restaurantes\",\"publisher\":{\"@id\":\"https:\/\/ekicorp.com\/#organization\"},\"potentialAction\":[{\"@type\":\"SearchAction\",\"target\":{\"@type\":\"EntryPoint\",\"urlTemplate\":\"https:\/\/ekicorp.com\/?s={search_term_string}\"},\"query-input\":{\"@type\":\"PropertyValueSpecification\",\"valueRequired\":true,\"valueName\":\"search_term_string\"}}],\"inLanguage\":\"es\"},{\"@type\":\"Organization\",\"@id\":\"https:\/\/ekicorp.com\/#organization\",\"name\":\"Ekicorp\",\"url\":\"https:\/\/ekicorp.com\/\",\"logo\":{\"@type\":\"ImageObject\",\"inLanguage\":\"es\",\"@id\":\"https:\/\/ekicorp.com\/#\/schema\/logo\/image\/\",\"url\":\"https:\/\/ekicorp.com\/wp-content\/uploads\/2021\/06\/Grupo-3681.png\",\"contentUrl\":\"https:\/\/ekicorp.com\/wp-content\/uploads\/2021\/06\/Grupo-3681.png\",\"width\":58,\"height\":54,\"caption\":\"Ekicorp\"},\"image\":{\"@id\":\"https:\/\/ekicorp.com\/#\/schema\/logo\/image\/\"}}]}<\/script>\n<!-- \/ Yoast SEO plugin. -->","yoast_head_json":{"title":"Mesas - Ekicorp","robots":{"index":"index","follow":"follow","max-snippet":"max-snippet:-1","max-image-preview":"max-image-preview:large","max-video-preview":"max-video-preview:-1"},"canonical":"https:\/\/ekicorp.com\/es\/linea-de-producto\/mesas\/","og_locale":"es_ES","og_type":"article","og_title":"Mesas - Ekicorp","og_description":"L\u00ednea de producto Hoteles &amp; Resorts Mesas Vicrila | Anchor Hocking Cristaler\u00eda Cotizar ONEIDA | SOLA Cuberter\u00eda Cotizar ONEIDA | Luzerne Loza Cotizar Designed To Serve Loza en Melamine Cotizar","og_url":"https:\/\/ekicorp.com\/es\/linea-de-producto\/mesas\/","og_site_name":"Ekicorp","article_modified_time":"2022-10-21T03:18:55+00:00","og_image":[{"url":"https:\/\/ekicorp.com\/wp-content\/uploads\/2021\/06\/9.jpg","type":"","width":"","height":""}],"twitter_card":"summary_large_image","schema":{"@context":"https:\/\/schema.org","@graph":[{"@type":"WebPage","@id":"https:\/\/ekicorp.com\/es\/linea-de-producto\/mesas\/","url":"https:\/\/ekicorp.com\/es\/linea-de-producto\/mesas\/","name":"Mesas - Ekicorp","isPartOf":{"@id":"https:\/\/ekicorp.com\/#website"},"primaryImageOfPage":{"@id":"https:\/\/ekicorp.com\/es\/linea-de-producto\/mesas\/#primaryimage"},"image":{"@id":"https:\/\/ekicorp.com\/es\/linea-de-producto\/mesas\/#primaryimage"},"thumbnailUrl":"https:\/\/ekicorp.com\/wp-content\/uploads\/2021\/06\/9.jpg","datePublished":"2022-10-07T09:29:43+00:00","dateModified":"2022-10-21T03:18:55+00:00","breadcrumb":{"@id":"https:\/\/ekicorp.com\/es\/linea-de-producto\/mesas\/#breadcrumb"},"inLanguage":"es","potentialAction":[{"@type":"ReadAction","target":["https:\/\/ekicorp.com\/es\/linea-de-producto\/mesas\/"]}]},{"@type":"ImageObject","inLanguage":"es","@id":"https:\/\/ekicorp.com\/es\/linea-de-producto\/mesas\/#primaryimage","url":"https:\/\/ekicorp.com\/wp-content\/uploads\/2021\/06\/9.jpg","contentUrl":"https:\/\/ekicorp.com\/wp-content\/uploads\/2021\/06\/9.jpg"},{"@type":"BreadcrumbList","@id":"https:\/\/ekicorp.com\/es\/linea-de-producto\/mesas\/#breadcrumb","itemListElement":[{"@type":"ListItem","position":1,"name":"Home","item":"https:\/\/ekicorp.com\/es\/"},{"@type":"ListItem","position":2,"name":"L\u00ednea de producto","item":"https:\/\/ekicorp.com\/es\/linea-de-producto\/"},{"@type":"ListItem","position":3,"name":"Mesas"}]},{"@type":"WebSite","@id":"https:\/\/ekicorp.com\/#website","url":"https:\/\/ekicorp.com\/","name":"Ekicorp","description":"Equipamiento de hoteles y restaurantes","publisher":{"@id":"https:\/\/ekicorp.com\/#organization"},"potentialAction":[{"@type":"SearchAction","target":{"@type":"EntryPoint","urlTemplate":"https:\/\/ekicorp.com\/?s={search_term_string}"},"query-input":{"@type":"PropertyValueSpecification","valueRequired":true,"valueName":"search_term_string"}}],"inLanguage":"es"},{"@type":"Organization","@id":"https:\/\/ekicorp.com\/#organization","name":"Ekicorp","url":"https:\/\/ekicorp.com\/","logo":{"@type":"ImageObject","inLanguage":"es","@id":"https:\/\/ekicorp.com\/#\/schema\/logo\/image\/","url":"https:\/\/ekicorp.com\/wp-content\/uploads\/2021\/06\/Grupo-3681.png","contentUrl":"https:\/\/ekicorp.com\/wp-content\/uploads\/2021\/06\/Grupo-3681.png","width":58,"height":54,"caption":"Ekicorp"},"image":{"@id":"https:\/\/ekicorp.com\/#\/schema\/logo\/image\/"}}]}},"_links":{"self":[{"href":"https:\/\/ekicorp.com\/es\/wp-json\/wp\/v2\/pages\/1344","targetHints":{"allow":["GET"]}}],"collection":[{"href":"https:\/\/ekicorp.com\/es\/wp-json\/wp\/v2\/pages"}],"about":[{"href":"https:\/\/ekicorp.com\/es\/wp-json\/wp\/v2\/types\/page"}],"author":[{"embeddable":true,"href":"https:\/\/ekicorp.com\/es\/wp-json\/wp\/v2\/users\/2"}],"replies":[{"embeddable":true,"href":"https:\/\/ekicorp.com\/es\/wp-json\/wp\/v2\/comments?post=1344"}],"version-history":[{"count":4,"href":"https:\/\/ekicorp.com\/es\/wp-json\/wp\/v2\/pages\/1344\/revisions"}],"predecessor-version":[{"id":1837,"href":"https:\/\/ekicorp.com\/es\/wp-json\/wp\/v2\/pages\/1344\/revisions\/1837"}],"up":[{"embeddable":true,"href":"https:\/\/ekicorp.com\/es\/wp-json\/wp\/v2\/pages\/1316"}],"wp:attachment":[{"href":"https:\/\/ekicorp.com\/es\/wp-json\/wp\/v2\/media?parent=1344"}],"curies":[{"name":"wp","href":"https:\/\/api.w.org\/{rel}","templated":true}]}}