{"id":1350,"date":"2022-10-07T04:31:13","date_gmt":"2022-10-07T09:31:13","guid":{"rendered":"https:\/\/ekicorp.com\/proyectos-2\/"},"modified":"2022-10-20T22:19:02","modified_gmt":"2022-10-21T03:19:02","slug":"proyectos-2","status":"publish","type":"page","link":"https:\/\/ekicorp.com\/es\/proyectos-2\/","title":{"rendered":"Proyectos"},"content":{"rendered":"\t\t<div data-elementor-type=\"wp-page\" data-elementor-id=\"1350\" class=\"elementor elementor-1350\" data-elementor-post-type=\"page\">\n\t\t\t\t<div class=\"elementor-element elementor-element-a3c533b e-con-full e-flex e-con e-parent\" data-id=\"a3c533b\" data-element_type=\"container\" data-e-type=\"container\">\n\t\t\t\t<div class=\"elementor-element elementor-element-f9537df elementor--v-position-bottom elementor--h-position-center elementor-arrows-position-inside elementor-pagination-position-inside elementor-widget elementor-widget-slides\" data-id=\"f9537df\" data-element_type=\"widget\" data-e-type=\"widget\" data-settings=\"{&quot;navigation&quot;:&quot;both&quot;,&quot;autoplay&quot;:&quot;yes&quot;,&quot;pause_on_hover&quot;:&quot;yes&quot;,&quot;pause_on_interaction&quot;:&quot;yes&quot;,&quot;autoplay_speed&quot;:5000,&quot;infinite&quot;:&quot;yes&quot;,&quot;transition&quot;:&quot;slide&quot;,&quot;transition_speed&quot;:500}\" data-widget_type=\"slides.default\">\n\t\t\t\t<div class=\"elementor-widget-container\">\n\t\t\t\t\t\t\t\t\t<div class=\"elementor-swiper\">\n\t\t\t\t\t<div class=\"elementor-slides-wrapper elementor-main-swiper swiper\" role=\"region\" aria-roledescription=\"carousel\" aria-label=\"Slides\" dir=\"ltr\" data-animation=\"fadeInUp\">\n\t\t\t\t<div class=\"swiper-wrapper elementor-slides\">\n\t\t\t\t\t\t\t\t\t\t<div class=\"elementor-repeater-item-2235966 swiper-slide\" role=\"group\" aria-roledescription=\"slide\"><div class=\"swiper-slide-bg\" role=\"img\" aria-label=\"373647821\"><\/div><div class=\"elementor-background-overlay\"><\/div><div class=\"swiper-slide-inner\" ><div class=\"swiper-slide-contents\"><\/div><\/div><\/div>\t\t\t\t<\/div>\n\t\t\t\t\t\t\t<\/div>\n\t\t\t\t<\/div>\n\t\t\t\t\t\t\t\t<\/div>\n\t\t\t\t<\/div>\n\t\t\t\t<\/div>\n\t\t<div class=\"elementor-element elementor-element-ce89804 e-flex e-con-boxed e-con e-parent\" data-id=\"ce89804\" data-element_type=\"container\" data-e-type=\"container\" data-settings=\"{&quot;background_background&quot;:&quot;classic&quot;}\">\n\t\t\t\t\t<div class=\"e-con-inner\">\n\t\t<div class=\"elementor-element elementor-element-dc435a0 e-con-full e-flex e-con e-parent\" data-id=\"dc435a0\" data-element_type=\"container\" data-e-type=\"container\">\n\t\t\t\t<div class=\"elementor-element elementor-element-2337826 elementor-widget-divider--view-line elementor-widget elementor-widget-divider\" data-id=\"2337826\" data-element_type=\"widget\" data-e-type=\"widget\" data-widget_type=\"divider.default\">\n\t\t\t\t<div class=\"elementor-widget-container\">\n\t\t\t\t\t\t\t<div class=\"elementor-divider\">\n\t\t\t<span class=\"elementor-divider-separator\">\n\t\t\t\t\t\t<\/span>\n\t\t<\/div>\n\t\t\t\t\t\t<\/div>\n\t\t\t\t<\/div>\n\t\t\t\t<div class=\"elementor-element elementor-element-c4f6f27 elementor-widget elementor-widget-heading\" data-id=\"c4f6f27\" data-element_type=\"widget\" data-e-type=\"widget\" data-widget_type=\"heading.default\">\n\t\t\t\t<div class=\"elementor-widget-container\">\n\t\t\t\t\t<h1 class=\"elementor-heading-title elementor-size-default\">Proyectos<\/h1>\t\t\t\t<\/div>\n\t\t\t\t<\/div>\n\t\t\t\t<\/div>\n\t\t<div class=\"elementor-element elementor-element-a8c6031 e-con-full e-flex e-con e-parent\" data-id=\"a8c6031\" data-element_type=\"container\" data-e-type=\"container\">\n\t\t\t\t<\/div>\n\t\t\t\t\t<\/div>\n\t\t\t\t<\/div>\n\t\t<div class=\"elementor-element elementor-element-1809c6a e-flex e-con-boxed e-con e-parent\" data-id=\"1809c6a\" data-element_type=\"container\" data-e-type=\"container\" data-settings=\"{&quot;background_background&quot;:&quot;classic&quot;}\">\n\t\t\t\t\t<div class=\"e-con-inner\">\n\t\t\t\t<div class=\"elementor-element elementor-element-a90b99d elementor-grid-3 elementor-grid-tablet-2 elementor-grid-mobile-1 elementor-posts--thumbnail-top elementor-card-shadow-yes elementor-posts__hover-gradient elementor-widget elementor-widget-posts\" data-id=\"a90b99d\" data-element_type=\"widget\" data-e-type=\"widget\" data-settings=\"{&quot;cards_columns&quot;:&quot;3&quot;,&quot;cards_columns_tablet&quot;:&quot;2&quot;,&quot;cards_columns_mobile&quot;:&quot;1&quot;,&quot;cards_row_gap&quot;:{&quot;unit&quot;:&quot;px&quot;,&quot;size&quot;:35,&quot;sizes&quot;:[]},&quot;cards_row_gap_tablet&quot;:{&quot;unit&quot;:&quot;px&quot;,&quot;size&quot;:&quot;&quot;,&quot;sizes&quot;:[]},&quot;cards_row_gap_mobile&quot;:{&quot;unit&quot;:&quot;px&quot;,&quot;size&quot;:&quot;&quot;,&quot;sizes&quot;:[]}}\" data-widget_type=\"posts.cards\">\n\t\t\t\t<div class=\"elementor-widget-container\">\n\t\t\t\t\t\t\t<div class=\"elementor-posts-container elementor-posts elementor-posts--skin-cards elementor-grid\" role=\"list\">\n\t\t\t\t<article class=\"elementor-post elementor-grid-item post-1370 project type-project status-publish has-post-thumbnail hentry\" role=\"listitem\">\n\t\t\t<div class=\"elementor-post__card\">\n\t\t\t\t<a class=\"elementor-post__thumbnail__link\" href=\"https:\/\/ekicorp.com\/es\/project\/hotel-fairfield-by-marriott-lima-peru\/\" tabindex=\"-1\" ><div class=\"elementor-post__thumbnail\"><img fetchpriority=\"high\" decoding=\"async\" width=\"300\" height=\"200\" src=\"https:\/\/ekicorp.com\/wp-content\/uploads\/2022\/10\/317395900-300x200.jpg\" class=\"attachment-medium size-medium wp-image-751\" alt=\"\" srcset=\"https:\/\/ekicorp.com\/wp-content\/uploads\/2022\/10\/317395900-300x200.jpg 300w, https:\/\/ekicorp.com\/wp-content\/uploads\/2022\/10\/317395900-768x512.jpg 768w, https:\/\/ekicorp.com\/wp-content\/uploads\/2022\/10\/317395900.jpg 1024w\" sizes=\"(max-width: 300px) 100vw, 300px\" \/><\/div><\/a>\n\t\t\t\t<div class=\"elementor-post__text\">\n\t\t\t\t<h2 class=\"elementor-post__title\">\n\t\t\t<a href=\"https:\/\/ekicorp.com\/es\/project\/hotel-fairfield-by-marriott-lima-peru\/\" >\n\t\t\t\tHotel Fairfield by Marriott \u2013 Lima Per\u00fa\t\t\t<\/a>\n\t\t<\/h2>\n\t\t\t\t<div class=\"elementor-post__excerpt\">\n\t\t\t<p>Ekicorp tuvo a cargo el equipamiento integral OS&amp;E de este elegante proyecto hotelero en Miraflores en el cual estuvimos encargados de abastecer: Luminarias de habitaci\u00f3n<\/p>\n\t\t<\/div>\n\t\t\n\t\t<a class=\"elementor-post__read-more\" href=\"https:\/\/ekicorp.com\/es\/project\/hotel-fairfield-by-marriott-lima-peru\/\" aria-label=\"Read more about Hotel Fairfield by Marriott \u2013 Lima Per\u00fa\" tabindex=\"-1\" >\n\t\t\tRead More \u00bb\t\t<\/a>\n\n\t\t\t\t<\/div>\n\t\t\t\t\t<\/div>\n\t\t<\/article>\n\t\t\t\t<article class=\"elementor-post elementor-grid-item post-1369 project type-project status-publish has-post-thumbnail hentry\" role=\"listitem\">\n\t\t\t<div class=\"elementor-post__card\">\n\t\t\t\t<a class=\"elementor-post__thumbnail__link\" href=\"https:\/\/ekicorp.com\/es\/project\/hotel-innside-by-melia-miraflores-lima-peru\/\" tabindex=\"-1\" ><div class=\"elementor-post__thumbnail\"><img decoding=\"async\" width=\"300\" height=\"200\" src=\"https:\/\/ekicorp.com\/wp-content\/uploads\/2022\/10\/189174215-300x200.jpg\" class=\"attachment-medium size-medium wp-image-980\" alt=\"\" srcset=\"https:\/\/ekicorp.com\/wp-content\/uploads\/2022\/10\/189174215-300x200.jpg 300w, https:\/\/ekicorp.com\/wp-content\/uploads\/2022\/10\/189174215-768x512.jpg 768w, https:\/\/ekicorp.com\/wp-content\/uploads\/2022\/10\/189174215.jpg 1024w\" sizes=\"(max-width: 300px) 100vw, 300px\" \/><\/div><\/a>\n\t\t\t\t<div class=\"elementor-post__text\">\n\t\t\t\t<h2 class=\"elementor-post__title\">\n\t\t\t<a href=\"https:\/\/ekicorp.com\/es\/project\/hotel-innside-by-melia-miraflores-lima-peru\/\" >\n\t\t\t\tHotel Innside by Melia Miraflores \u2013 Lima Per\u00fa\t\t\t<\/a>\n\t\t<\/h2>\n\t\t\t\t<div class=\"elementor-post__excerpt\">\n\t\t\t<p>Ekicorp recibi\u00f3 el encargo de parte de nuestro cliente Inverko S.A.C de realizar el equipamiento integral de este moderno proyecto hotelero en donde trabajamos las<\/p>\n\t\t<\/div>\n\t\t\n\t\t<a class=\"elementor-post__read-more\" href=\"https:\/\/ekicorp.com\/es\/project\/hotel-innside-by-melia-miraflores-lima-peru\/\" aria-label=\"Read more about Hotel Innside by Melia Miraflores \u2013 Lima Per\u00fa\" tabindex=\"-1\" >\n\t\t\tRead More \u00bb\t\t<\/a>\n\n\t\t\t\t<\/div>\n\t\t\t\t\t<\/div>\n\t\t<\/article>\n\t\t\t\t<article class=\"elementor-post elementor-grid-item post-1368 project type-project status-publish has-post-thumbnail hentry\" role=\"listitem\">\n\t\t\t<div class=\"elementor-post__card\">\n\t\t\t\t<a class=\"elementor-post__thumbnail__link\" href=\"https:\/\/ekicorp.com\/es\/project\/hotel-pullman-miraflores-lima-peru\/\" tabindex=\"-1\" ><div class=\"elementor-post__thumbnail\"><img decoding=\"async\" width=\"300\" height=\"225\" src=\"https:\/\/ekicorp.com\/wp-content\/uploads\/2022\/10\/373647821-300x225.jpg\" class=\"attachment-medium size-medium wp-image-1002\" alt=\"\" srcset=\"https:\/\/ekicorp.com\/wp-content\/uploads\/2022\/10\/373647821-300x225.jpg 300w, https:\/\/ekicorp.com\/wp-content\/uploads\/2022\/10\/373647821-768x576.jpg 768w, https:\/\/ekicorp.com\/wp-content\/uploads\/2022\/10\/373647821.jpg 1024w\" sizes=\"(max-width: 300px) 100vw, 300px\" \/><\/div><\/a>\n\t\t\t\t<div class=\"elementor-post__text\">\n\t\t\t\t<h2 class=\"elementor-post__title\">\n\t\t\t<a href=\"https:\/\/ekicorp.com\/es\/project\/hotel-pullman-miraflores-lima-peru\/\" >\n\t\t\t\tHotel Pullman Miraflores \u2013 Lima Per\u00fa\t\t\t<\/a>\n\t\t<\/h2>\n\t\t\t\t<div class=\"elementor-post__excerpt\">\n\t\t\t<p>Nuestros clientes Attko S.A.C nos brindaron la oportunidad de ser proveedores en uno de los proyectos hoteleros m\u00e1s ic\u00f3nicos del distrito de Miraflores. Con una<\/p>\n\t\t<\/div>\n\t\t\n\t\t<a class=\"elementor-post__read-more\" href=\"https:\/\/ekicorp.com\/es\/project\/hotel-pullman-miraflores-lima-peru\/\" aria-label=\"Read more about Hotel Pullman Miraflores \u2013 Lima Per\u00fa\" tabindex=\"-1\" >\n\t\t\tRead More \u00bb\t\t<\/a>\n\n\t\t\t\t<\/div>\n\t\t\t\t\t<\/div>\n\t\t<\/article>\n\t\t\t\t<article class=\"elementor-post elementor-grid-item post-1367 project type-project status-publish has-post-thumbnail hentry\" role=\"listitem\">\n\t\t\t<div class=\"elementor-post__card\">\n\t\t\t\t<a class=\"elementor-post__thumbnail__link\" href=\"https:\/\/ekicorp.com\/es\/project\/hotel-iberostar-miraflores-lima-peru\/\" tabindex=\"-1\" ><div class=\"elementor-post__thumbnail\"><img loading=\"lazy\" decoding=\"async\" width=\"300\" height=\"200\" src=\"https:\/\/ekicorp.com\/wp-content\/uploads\/2022\/10\/340421838-300x200.jpg\" class=\"attachment-medium size-medium wp-image-1021\" alt=\"\" srcset=\"https:\/\/ekicorp.com\/wp-content\/uploads\/2022\/10\/340421838-300x200.jpg 300w, https:\/\/ekicorp.com\/wp-content\/uploads\/2022\/10\/340421838-768x512.jpg 768w, https:\/\/ekicorp.com\/wp-content\/uploads\/2022\/10\/340421838.jpg 1024w\" sizes=\"(max-width: 300px) 100vw, 300px\" \/><\/div><\/a>\n\t\t\t\t<div class=\"elementor-post__text\">\n\t\t\t\t<h2 class=\"elementor-post__title\">\n\t\t\t<a href=\"https:\/\/ekicorp.com\/es\/project\/hotel-iberostar-miraflores-lima-peru\/\" >\n\t\t\t\tHotel Iberostar Miraflores \u2013 Lima Per\u00fa\t\t\t<\/a>\n\t\t<\/h2>\n\t\t\t\t<div class=\"elementor-post__excerpt\">\n\t\t\t<p>Proyecto de una ubicaci\u00f3n privilegiada en la capital peruana, y espectaculares vistas al oc\u00e9ano pacifico en donde Ekicorp tuvo la oportunidad de ser proveedor en<\/p>\n\t\t<\/div>\n\t\t\n\t\t<a class=\"elementor-post__read-more\" href=\"https:\/\/ekicorp.com\/es\/project\/hotel-iberostar-miraflores-lima-peru\/\" aria-label=\"Read more about Hotel Iberostar Miraflores \u2013 Lima Per\u00fa\" tabindex=\"-1\" >\n\t\t\tRead More \u00bb\t\t<\/a>\n\n\t\t\t\t<\/div>\n\t\t\t\t\t<\/div>\n\t\t<\/article>\n\t\t\t\t<article class=\"elementor-post elementor-grid-item post-1366 project type-project status-publish has-post-thumbnail hentry\" role=\"listitem\">\n\t\t\t<div class=\"elementor-post__card\">\n\t\t\t\t<a class=\"elementor-post__thumbnail__link\" href=\"https:\/\/ekicorp.com\/es\/project\/hotel-hilton-garden-inn-miraflores-lima-peru\/\" tabindex=\"-1\" ><div class=\"elementor-post__thumbnail\"><img loading=\"lazy\" decoding=\"async\" width=\"300\" height=\"200\" src=\"https:\/\/ekicorp.com\/wp-content\/uploads\/2022\/10\/a371428064-300x200.jpg\" class=\"attachment-medium size-medium wp-image-1033\" alt=\"\" srcset=\"https:\/\/ekicorp.com\/wp-content\/uploads\/2022\/10\/a371428064-300x200.jpg 300w, https:\/\/ekicorp.com\/wp-content\/uploads\/2022\/10\/a371428064-768x512.jpg 768w, https:\/\/ekicorp.com\/wp-content\/uploads\/2022\/10\/a371428064.jpg 1024w\" sizes=\"(max-width: 300px) 100vw, 300px\" \/><\/div><\/a>\n\t\t\t\t<div class=\"elementor-post__text\">\n\t\t\t\t<h2 class=\"elementor-post__title\">\n\t\t\t<a href=\"https:\/\/ekicorp.com\/es\/project\/hotel-hilton-garden-inn-miraflores-lima-peru\/\" >\n\t\t\t\tHotel Hilton Garden Inn Miraflores \u2013 Lima Per\u00fa\t\t\t<\/a>\n\t\t<\/h2>\n\t\t\t\t<div class=\"elementor-post__excerpt\">\n\t\t\t<p>Nuestro cliente TyC, una de las inmobiliarias m\u00e1s importantes del pa\u00eds nos brind\u00f3 la oportunidad de ser proveedores en este gran proyecto hotelero ubicado en<\/p>\n\t\t<\/div>\n\t\t\n\t\t<a class=\"elementor-post__read-more\" href=\"https:\/\/ekicorp.com\/es\/project\/hotel-hilton-garden-inn-miraflores-lima-peru\/\" aria-label=\"Read more about Hotel Hilton Garden Inn Miraflores \u2013 Lima Per\u00fa\" tabindex=\"-1\" >\n\t\t\tRead More \u00bb\t\t<\/a>\n\n\t\t\t\t<\/div>\n\t\t\t\t\t<\/div>\n\t\t<\/article>\n\t\t\t\t<article class=\"elementor-post elementor-grid-item post-1365 project type-project status-publish has-post-thumbnail hentry\" role=\"listitem\">\n\t\t\t<div class=\"elementor-post__card\">\n\t\t\t\t<a class=\"elementor-post__thumbnail__link\" href=\"https:\/\/ekicorp.com\/es\/project\/gran-hotel-evenia-panama\/\" tabindex=\"-1\" ><div class=\"elementor-post__thumbnail\"><img loading=\"lazy\" decoding=\"async\" width=\"300\" height=\"200\" src=\"https:\/\/ekicorp.com\/wp-content\/uploads\/2022\/10\/b355998280-300x200.jpg\" class=\"attachment-medium size-medium wp-image-1045\" alt=\"\" srcset=\"https:\/\/ekicorp.com\/wp-content\/uploads\/2022\/10\/b355998280-300x200.jpg 300w, https:\/\/ekicorp.com\/wp-content\/uploads\/2022\/10\/b355998280-768x512.jpg 768w, https:\/\/ekicorp.com\/wp-content\/uploads\/2022\/10\/b355998280.jpg 1000w\" sizes=\"(max-width: 300px) 100vw, 300px\" \/><\/div><\/a>\n\t\t\t\t<div class=\"elementor-post__text\">\n\t\t\t\t<h2 class=\"elementor-post__title\">\n\t\t\t<a href=\"https:\/\/ekicorp.com\/es\/project\/gran-hotel-evenia-panama\/\" >\n\t\t\t\tGran Hotel Evenia \u2013 Panam\u00e1\t\t\t<\/a>\n\t\t<\/h2>\n\t\t\t\t<div class=\"elementor-post__excerpt\">\n\t\t\t<p>Nuestro cliente Evenia Hotels, nos brind\u00f3 la oportunidad de ser proveedores en este gran proyecto hotelero ubicado en el centro de Panam\u00e1 en donde abastecimos<\/p>\n\t\t<\/div>\n\t\t\n\t\t<a class=\"elementor-post__read-more\" href=\"https:\/\/ekicorp.com\/es\/project\/gran-hotel-evenia-panama\/\" aria-label=\"Read more about Gran Hotel Evenia \u2013 Panam\u00e1\" tabindex=\"-1\" >\n\t\t\tRead More \u00bb\t\t<\/a>\n\n\t\t\t\t<\/div>\n\t\t\t\t\t<\/div>\n\t\t<\/article>\n\t\t\t\t<\/div>\n\t\t\n\t\t\t\t\t\t<\/div>\n\t\t\t\t<\/div>\n\t\t\t\t\t<\/div>\n\t\t\t\t<\/div>\n\t\t\t\t<\/div>\n\t\t","protected":false},"excerpt":{"rendered":"<p>Proyectos<\/p>\n","protected":false},"author":2,"featured_media":0,"parent":0,"menu_order":0,"comment_status":"closed","ping_status":"closed","template":"","meta":{"inline_featured_image":false,"footnotes":""},"class_list":["post-1350","page","type-page","status-publish","hentry"],"yoast_head":"<!-- This site is optimized with the Yoast SEO plugin v27.2 - https:\/\/yoast.com\/product\/yoast-seo-wordpress\/ -->\n<title>Proyectos - Ekicorp<\/title>\n<meta name=\"robots\" content=\"index, follow, max-snippet:-1, max-image-preview:large, max-video-preview:-1\" \/>\n<link rel=\"canonical\" href=\"https:\/\/ekicorp.com\/es\/proyectos-2\/\" \/>\n<meta property=\"og:locale\" content=\"es_ES\" \/>\n<meta property=\"og:type\" content=\"article\" \/>\n<meta property=\"og:title\" content=\"Proyectos - Ekicorp\" \/>\n<meta property=\"og:description\" content=\"Proyectos\" \/>\n<meta property=\"og:url\" content=\"https:\/\/ekicorp.com\/es\/proyectos-2\/\" \/>\n<meta property=\"og:site_name\" content=\"Ekicorp\" \/>\n<meta property=\"article:modified_time\" content=\"2022-10-21T03:19:02+00:00\" \/>\n<meta name=\"twitter:card\" content=\"summary_large_image\" \/>\n<script type=\"application\/ld+json\" class=\"yoast-schema-graph\">{\"@context\":\"https:\/\/schema.org\",\"@graph\":[{\"@type\":\"WebPage\",\"@id\":\"https:\/\/ekicorp.com\/es\/proyectos-2\/\",\"url\":\"https:\/\/ekicorp.com\/es\/proyectos-2\/\",\"name\":\"Proyectos - Ekicorp\",\"isPartOf\":{\"@id\":\"https:\/\/ekicorp.com\/#website\"},\"datePublished\":\"2022-10-07T09:31:13+00:00\",\"dateModified\":\"2022-10-21T03:19:02+00:00\",\"breadcrumb\":{\"@id\":\"https:\/\/ekicorp.com\/es\/proyectos-2\/#breadcrumb\"},\"inLanguage\":\"es\",\"potentialAction\":[{\"@type\":\"ReadAction\",\"target\":[\"https:\/\/ekicorp.com\/es\/proyectos-2\/\"]}]},{\"@type\":\"BreadcrumbList\",\"@id\":\"https:\/\/ekicorp.com\/es\/proyectos-2\/#breadcrumb\",\"itemListElement\":[{\"@type\":\"ListItem\",\"position\":1,\"name\":\"Home\",\"item\":\"https:\/\/ekicorp.com\/es\/\"},{\"@type\":\"ListItem\",\"position\":2,\"name\":\"Proyectos\"}]},{\"@type\":\"WebSite\",\"@id\":\"https:\/\/ekicorp.com\/#website\",\"url\":\"https:\/\/ekicorp.com\/\",\"name\":\"Ekicorp\",\"description\":\"Equipamiento de hoteles y restaurantes\",\"publisher\":{\"@id\":\"https:\/\/ekicorp.com\/#organization\"},\"potentialAction\":[{\"@type\":\"SearchAction\",\"target\":{\"@type\":\"EntryPoint\",\"urlTemplate\":\"https:\/\/ekicorp.com\/?s={search_term_string}\"},\"query-input\":{\"@type\":\"PropertyValueSpecification\",\"valueRequired\":true,\"valueName\":\"search_term_string\"}}],\"inLanguage\":\"es\"},{\"@type\":\"Organization\",\"@id\":\"https:\/\/ekicorp.com\/#organization\",\"name\":\"Ekicorp\",\"url\":\"https:\/\/ekicorp.com\/\",\"logo\":{\"@type\":\"ImageObject\",\"inLanguage\":\"es\",\"@id\":\"https:\/\/ekicorp.com\/#\/schema\/logo\/image\/\",\"url\":\"https:\/\/ekicorp.com\/wp-content\/uploads\/2021\/06\/Grupo-3681.png\",\"contentUrl\":\"https:\/\/ekicorp.com\/wp-content\/uploads\/2021\/06\/Grupo-3681.png\",\"width\":58,\"height\":54,\"caption\":\"Ekicorp\"},\"image\":{\"@id\":\"https:\/\/ekicorp.com\/#\/schema\/logo\/image\/\"}}]}<\/script>\n<!-- \/ Yoast SEO plugin. -->","yoast_head_json":{"title":"Proyectos - Ekicorp","robots":{"index":"index","follow":"follow","max-snippet":"max-snippet:-1","max-image-preview":"max-image-preview:large","max-video-preview":"max-video-preview:-1"},"canonical":"https:\/\/ekicorp.com\/es\/proyectos-2\/","og_locale":"es_ES","og_type":"article","og_title":"Proyectos - Ekicorp","og_description":"Proyectos","og_url":"https:\/\/ekicorp.com\/es\/proyectos-2\/","og_site_name":"Ekicorp","article_modified_time":"2022-10-21T03:19:02+00:00","twitter_card":"summary_large_image","schema":{"@context":"https:\/\/schema.org","@graph":[{"@type":"WebPage","@id":"https:\/\/ekicorp.com\/es\/proyectos-2\/","url":"https:\/\/ekicorp.com\/es\/proyectos-2\/","name":"Proyectos - Ekicorp","isPartOf":{"@id":"https:\/\/ekicorp.com\/#website"},"datePublished":"2022-10-07T09:31:13+00:00","dateModified":"2022-10-21T03:19:02+00:00","breadcrumb":{"@id":"https:\/\/ekicorp.com\/es\/proyectos-2\/#breadcrumb"},"inLanguage":"es","potentialAction":[{"@type":"ReadAction","target":["https:\/\/ekicorp.com\/es\/proyectos-2\/"]}]},{"@type":"BreadcrumbList","@id":"https:\/\/ekicorp.com\/es\/proyectos-2\/#breadcrumb","itemListElement":[{"@type":"ListItem","position":1,"name":"Home","item":"https:\/\/ekicorp.com\/es\/"},{"@type":"ListItem","position":2,"name":"Proyectos"}]},{"@type":"WebSite","@id":"https:\/\/ekicorp.com\/#website","url":"https:\/\/ekicorp.com\/","name":"Ekicorp","description":"Equipamiento de hoteles y restaurantes","publisher":{"@id":"https:\/\/ekicorp.com\/#organization"},"potentialAction":[{"@type":"SearchAction","target":{"@type":"EntryPoint","urlTemplate":"https:\/\/ekicorp.com\/?s={search_term_string}"},"query-input":{"@type":"PropertyValueSpecification","valueRequired":true,"valueName":"search_term_string"}}],"inLanguage":"es"},{"@type":"Organization","@id":"https:\/\/ekicorp.com\/#organization","name":"Ekicorp","url":"https:\/\/ekicorp.com\/","logo":{"@type":"ImageObject","inLanguage":"es","@id":"https:\/\/ekicorp.com\/#\/schema\/logo\/image\/","url":"https:\/\/ekicorp.com\/wp-content\/uploads\/2021\/06\/Grupo-3681.png","contentUrl":"https:\/\/ekicorp.com\/wp-content\/uploads\/2021\/06\/Grupo-3681.png","width":58,"height":54,"caption":"Ekicorp"},"image":{"@id":"https:\/\/ekicorp.com\/#\/schema\/logo\/image\/"}}]}},"_links":{"self":[{"href":"https:\/\/ekicorp.com\/es\/wp-json\/wp\/v2\/pages\/1350","targetHints":{"allow":["GET"]}}],"collection":[{"href":"https:\/\/ekicorp.com\/es\/wp-json\/wp\/v2\/pages"}],"about":[{"href":"https:\/\/ekicorp.com\/es\/wp-json\/wp\/v2\/types\/page"}],"author":[{"embeddable":true,"href":"https:\/\/ekicorp.com\/es\/wp-json\/wp\/v2\/users\/2"}],"replies":[{"embeddable":true,"href":"https:\/\/ekicorp.com\/es\/wp-json\/wp\/v2\/comments?post=1350"}],"version-history":[{"count":2,"href":"https:\/\/ekicorp.com\/es\/wp-json\/wp\/v2\/pages\/1350\/revisions"}],"predecessor-version":[{"id":1838,"href":"https:\/\/ekicorp.com\/es\/wp-json\/wp\/v2\/pages\/1350\/revisions\/1838"}],"wp:attachment":[{"href":"https:\/\/ekicorp.com\/es\/wp-json\/wp\/v2\/media?parent=1350"}],"curies":[{"name":"wp","href":"https:\/\/api.w.org\/{rel}","templated":true}]}}